{"id":983,"date":"2019-05-20T11:42:17","date_gmt":"2019-05-20T09:42:17","guid":{"rendered":"https:\/\/n3asesoria.com\/lempresa\/"},"modified":"2019-05-20T11:42:17","modified_gmt":"2019-05-20T09:42:17","slug":"lempresa","status":"publish","type":"page","link":"https:\/\/n3asesoria.com\/ca\/lempresa\/","title":{"rendered":"L&#8217;empresa"},"content":{"rendered":"<div class=\"wpb-content-wrapper\"><p>[vc_row css_animation=&#8221;&#8221; row_type=&#8221;row&#8221; use_row_as_full_screen_section=&#8221;no&#8221; type=&#8221;full_width&#8221; angled_section=&#8221;no&#8221; text_align=&#8221;left&#8221; background_image_as_pattern=&#8221;without_pattern&#8221; css=&#8221;.vc_custom_1538687398325{padding-top: 5% !important;padding-bottom: 3% !important;}&#8221; z_index=&#8221;&#8221;][vc_column width=&#8221;1\/6&#8243;][\/vc_column][vc_column width=&#8221;2\/3&#8243;][vc_column_text]<\/p>\n<h4>N3 ASSESSORIA integra un equip de professionals en els \u00e0mbits laboral, fiscal i jur\u00eddic que donen solucions tant a empreses, professionals i particulars amb dos objectius imprescindibles per al bon desenvolupament de les mateixes: Assessorament i Formaci\u00f3 amb una \u00e0mplia experi\u00e8ncia en les diferents \u00e0rees.<br \/>\n<\/h4>\n<p>[\/vc_column_text][\/vc_column][vc_column width=&#8221;1\/6&#8243;][\/vc_column][\/vc_row][vc_row css_animation=&#8221;&#8221; row_type=&#8221;row&#8221; use_row_as_full_screen_section=&#8221;no&#8221; type=&#8221;full_width&#8221; angled_section=&#8221;no&#8221; text_align=&#8221;left&#8221; background_image_as_pattern=&#8221;without_pattern&#8221; z_index=&#8221;&#8221; css=&#8221;.vc_custom_1538687419945{padding-bottom: 5% !important;}&#8221;][vc_column width=&#8221;1\/6&#8243;][\/vc_column][vc_column width=&#8221;2\/3&#8243;][vc_single_image image=&#8221;616&#8243; img_size=&#8221;full&#8221; qode_css_animation=&#8221;&#8221;][\/vc_column][vc_column width=&#8221;1\/6&#8243;][\/vc_column][\/vc_row]<\/p>\n<\/div>","protected":false},"excerpt":{"rendered":"<p>[vc_row css_animation=&#8221;&#8221; row_type=&#8221;row&#8221; use_row_as_full_screen_section=&#8221;no&#8221; type=&#8221;full_width&#8221; angled_section=&#8221;no&#8221; text_align=&#8221;left&#8221; background_image_as_pattern=&#8221;without_pattern&#8221; css=&#8221;.vc_custom_1538687398325{padding-top: 5% !important;padding-bottom: 3% !important;}&#8221; z_index=&#8221;&#8221;][vc_column width=&#8221;1\/6&#8243;][\/vc_column][vc_column width=&#8221;2\/3&#8243;][vc_column_text] N3 ASSESSORIA integra un equip de professionals en els \u00e0mbits laboral, fiscal i jur\u00eddic que donen solucions tant a empreses, professionals i particulars amb dos objectius imprescindibles per al&#8230;<\/p>\n","protected":false},"author":1,"featured_media":0,"parent":0,"menu_order":0,"comment_status":"closed","ping_status":"closed","template":"full_width.php","meta":{"inline_featured_image":false,"_monsterinsights_skip_tracking":false,"_monsterinsights_sitenote_active":false,"_monsterinsights_sitenote_note":"","_monsterinsights_sitenote_category":0,"footnotes":""},"class_list":["post-983","page","type-page","status-publish","hentry"],"yoast_head":"<!-- This site is optimized with the Yoast SEO plugin v27.5 - https:\/\/yoast.com\/product\/yoast-seo-wordpress\/ -->\n<title>L&#039;empresa - N3 Asesoria<\/title>\n<meta name=\"robots\" content=\"index, follow, max-snippet:-1, max-image-preview:large, max-video-preview:-1\" \/>\n<link rel=\"canonical\" href=\"https:\/\/n3asesoria.com\/ca\/lempresa\/\" \/>\n<meta property=\"og:locale\" content=\"ca_ES\" \/>\n<meta property=\"og:type\" content=\"article\" \/>\n<meta property=\"og:title\" content=\"L&#039;empresa - N3 Asesoria\" \/>\n<meta property=\"og:description\" content=\"[vc_row css_animation=&#8221;&#8221; row_type=&#8221;row&#8221; use_row_as_full_screen_section=&#8221;no&#8221; type=&#8221;full_width&#8221; angled_section=&#8221;no&#8221; text_align=&#8221;left&#8221; background_image_as_pattern=&#8221;without_pattern&#8221; css=&#8221;.vc_custom_1538687398325{padding-top: 5% !important;padding-bottom: 3% !important;}&#8221; z_index=&#8221;&#8221;][vc_column width=&#8221;1\/6&#8243;][\/vc_column][vc_column width=&#8221;2\/3&#8243;][vc_column_text] N3 ASSESSORIA integra un equip de professionals en els \u00e0mbits laboral, fiscal i jur\u00eddic que donen solucions tant a empreses, professionals i particulars amb dos objectius imprescindibles per al...\" \/>\n<meta property=\"og:url\" content=\"https:\/\/n3asesoria.com\/ca\/lempresa\/\" \/>\n<meta property=\"og:site_name\" content=\"N3 Asesoria\" \/>\n<meta name=\"twitter:card\" content=\"summary_large_image\" \/>\n<meta name=\"twitter:label1\" content=\"Temps estimat de lectura\" \/>\n\t<meta name=\"twitter:data1\" content=\"1 minut\" \/>\n<script type=\"application\/ld+json\" class=\"yoast-schema-graph\">{\"@context\":\"https:\\\/\\\/schema.org\",\"@graph\":[{\"@type\":\"WebPage\",\"@id\":\"https:\\\/\\\/n3asesoria.com\\\/ca\\\/lempresa\\\/\",\"url\":\"https:\\\/\\\/n3asesoria.com\\\/ca\\\/lempresa\\\/\",\"name\":\"L'empresa - N3 Asesoria\",\"isPartOf\":{\"@id\":\"https:\\\/\\\/n3asesoria.com\\\/ca\\\/#website\"},\"datePublished\":\"2019-05-20T09:42:17+00:00\",\"breadcrumb\":{\"@id\":\"https:\\\/\\\/n3asesoria.com\\\/ca\\\/lempresa\\\/#breadcrumb\"},\"inLanguage\":\"ca\",\"potentialAction\":[{\"@type\":\"ReadAction\",\"target\":[\"https:\\\/\\\/n3asesoria.com\\\/ca\\\/lempresa\\\/\"]}]},{\"@type\":\"BreadcrumbList\",\"@id\":\"https:\\\/\\\/n3asesoria.com\\\/ca\\\/lempresa\\\/#breadcrumb\",\"itemListElement\":[{\"@type\":\"ListItem\",\"position\":1,\"name\":\"Portada\",\"item\":\"https:\\\/\\\/n3asesoria.com\\\/ca\\\/\"},{\"@type\":\"ListItem\",\"position\":2,\"name\":\"L&#8217;empresa\"}]},{\"@type\":\"WebSite\",\"@id\":\"https:\\\/\\\/n3asesoria.com\\\/ca\\\/#website\",\"url\":\"https:\\\/\\\/n3asesoria.com\\\/ca\\\/\",\"name\":\"N3 Asesoria\",\"description\":\"Asesoria laboral y formaci\u00f3n para empresas\",\"publisher\":{\"@id\":\"https:\\\/\\\/n3asesoria.com\\\/ca\\\/#\\\/schema\\\/person\\\/f3f4086f9c610806efaaa0a10833cf92\"},\"potentialAction\":[{\"@type\":\"SearchAction\",\"target\":{\"@type\":\"EntryPoint\",\"urlTemplate\":\"https:\\\/\\\/n3asesoria.com\\\/ca\\\/?s={search_term_string}\"},\"query-input\":{\"@type\":\"PropertyValueSpecification\",\"valueRequired\":true,\"valueName\":\"search_term_string\"}}],\"inLanguage\":\"ca\"},{\"@type\":[\"Person\",\"Organization\"],\"@id\":\"https:\\\/\\\/n3asesoria.com\\\/ca\\\/#\\\/schema\\\/person\\\/f3f4086f9c610806efaaa0a10833cf92\",\"name\":\"Paqui Zafra\",\"image\":{\"@type\":\"ImageObject\",\"inLanguage\":\"ca\",\"@id\":\"https:\\\/\\\/secure.gravatar.com\\\/avatar\\\/e5478bca77866310c7ef2fda0fd5e4a6790ebe0444ebf7b9061f2380f6c7f9ef?s=96&d=mm&r=g\",\"url\":\"https:\\\/\\\/secure.gravatar.com\\\/avatar\\\/e5478bca77866310c7ef2fda0fd5e4a6790ebe0444ebf7b9061f2380f6c7f9ef?s=96&d=mm&r=g\",\"contentUrl\":\"https:\\\/\\\/secure.gravatar.com\\\/avatar\\\/e5478bca77866310c7ef2fda0fd5e4a6790ebe0444ebf7b9061f2380f6c7f9ef?s=96&d=mm&r=g\",\"caption\":\"Paqui Zafra\"},\"logo\":{\"@id\":\"https:\\\/\\\/secure.gravatar.com\\\/avatar\\\/e5478bca77866310c7ef2fda0fd5e4a6790ebe0444ebf7b9061f2380f6c7f9ef?s=96&d=mm&r=g\"},\"sameAs\":[\"https:\\\/\\\/n3asesoria.com\"]}]}<\/script>\n<!-- \/ Yoast SEO plugin. -->","yoast_head_json":{"title":"L'empresa - N3 Asesoria","robots":{"index":"index","follow":"follow","max-snippet":"max-snippet:-1","max-image-preview":"max-image-preview:large","max-video-preview":"max-video-preview:-1"},"canonical":"https:\/\/n3asesoria.com\/ca\/lempresa\/","og_locale":"ca_ES","og_type":"article","og_title":"L'empresa - N3 Asesoria","og_description":"[vc_row css_animation=&#8221;&#8221; row_type=&#8221;row&#8221; use_row_as_full_screen_section=&#8221;no&#8221; type=&#8221;full_width&#8221; angled_section=&#8221;no&#8221; text_align=&#8221;left&#8221; background_image_as_pattern=&#8221;without_pattern&#8221; css=&#8221;.vc_custom_1538687398325{padding-top: 5% !important;padding-bottom: 3% !important;}&#8221; z_index=&#8221;&#8221;][vc_column width=&#8221;1\/6&#8243;][\/vc_column][vc_column width=&#8221;2\/3&#8243;][vc_column_text] N3 ASSESSORIA integra un equip de professionals en els \u00e0mbits laboral, fiscal i jur\u00eddic que donen solucions tant a empreses, professionals i particulars amb dos objectius imprescindibles per al...","og_url":"https:\/\/n3asesoria.com\/ca\/lempresa\/","og_site_name":"N3 Asesoria","twitter_card":"summary_large_image","twitter_misc":{"Temps estimat de lectura":"1 minut"},"schema":{"@context":"https:\/\/schema.org","@graph":[{"@type":"WebPage","@id":"https:\/\/n3asesoria.com\/ca\/lempresa\/","url":"https:\/\/n3asesoria.com\/ca\/lempresa\/","name":"L'empresa - N3 Asesoria","isPartOf":{"@id":"https:\/\/n3asesoria.com\/ca\/#website"},"datePublished":"2019-05-20T09:42:17+00:00","breadcrumb":{"@id":"https:\/\/n3asesoria.com\/ca\/lempresa\/#breadcrumb"},"inLanguage":"ca","potentialAction":[{"@type":"ReadAction","target":["https:\/\/n3asesoria.com\/ca\/lempresa\/"]}]},{"@type":"BreadcrumbList","@id":"https:\/\/n3asesoria.com\/ca\/lempresa\/#breadcrumb","itemListElement":[{"@type":"ListItem","position":1,"name":"Portada","item":"https:\/\/n3asesoria.com\/ca\/"},{"@type":"ListItem","position":2,"name":"L&#8217;empresa"}]},{"@type":"WebSite","@id":"https:\/\/n3asesoria.com\/ca\/#website","url":"https:\/\/n3asesoria.com\/ca\/","name":"N3 Asesoria","description":"Asesoria laboral y formaci\u00f3n para empresas","publisher":{"@id":"https:\/\/n3asesoria.com\/ca\/#\/schema\/person\/f3f4086f9c610806efaaa0a10833cf92"},"potentialAction":[{"@type":"SearchAction","target":{"@type":"EntryPoint","urlTemplate":"https:\/\/n3asesoria.com\/ca\/?s={search_term_string}"},"query-input":{"@type":"PropertyValueSpecification","valueRequired":true,"valueName":"search_term_string"}}],"inLanguage":"ca"},{"@type":["Person","Organization"],"@id":"https:\/\/n3asesoria.com\/ca\/#\/schema\/person\/f3f4086f9c610806efaaa0a10833cf92","name":"Paqui Zafra","image":{"@type":"ImageObject","inLanguage":"ca","@id":"https:\/\/secure.gravatar.com\/avatar\/e5478bca77866310c7ef2fda0fd5e4a6790ebe0444ebf7b9061f2380f6c7f9ef?s=96&d=mm&r=g","url":"https:\/\/secure.gravatar.com\/avatar\/e5478bca77866310c7ef2fda0fd5e4a6790ebe0444ebf7b9061f2380f6c7f9ef?s=96&d=mm&r=g","contentUrl":"https:\/\/secure.gravatar.com\/avatar\/e5478bca77866310c7ef2fda0fd5e4a6790ebe0444ebf7b9061f2380f6c7f9ef?s=96&d=mm&r=g","caption":"Paqui Zafra"},"logo":{"@id":"https:\/\/secure.gravatar.com\/avatar\/e5478bca77866310c7ef2fda0fd5e4a6790ebe0444ebf7b9061f2380f6c7f9ef?s=96&d=mm&r=g"},"sameAs":["https:\/\/n3asesoria.com"]}]}},"_links":{"self":[{"href":"https:\/\/n3asesoria.com\/ca\/wp-json\/wp\/v2\/pages\/983","targetHints":{"allow":["GET"]}}],"collection":[{"href":"https:\/\/n3asesoria.com\/ca\/wp-json\/wp\/v2\/pages"}],"about":[{"href":"https:\/\/n3asesoria.com\/ca\/wp-json\/wp\/v2\/types\/page"}],"author":[{"embeddable":true,"href":"https:\/\/n3asesoria.com\/ca\/wp-json\/wp\/v2\/users\/1"}],"replies":[{"embeddable":true,"href":"https:\/\/n3asesoria.com\/ca\/wp-json\/wp\/v2\/comments?post=983"}],"version-history":[{"count":1,"href":"https:\/\/n3asesoria.com\/ca\/wp-json\/wp\/v2\/pages\/983\/revisions"}],"predecessor-version":[{"id":984,"href":"https:\/\/n3asesoria.com\/ca\/wp-json\/wp\/v2\/pages\/983\/revisions\/984"}],"wp:attachment":[{"href":"https:\/\/n3asesoria.com\/ca\/wp-json\/wp\/v2\/media?parent=983"}],"curies":[{"name":"wp","href":"https:\/\/api.w.org\/{rel}","templated":true}]}}